{"id":204,"date":"2023-01-13T15:31:48","date_gmt":"2023-01-13T15:31:48","guid":{"rendered":"https:\/\/craneopapaluna.com\/?page_id=204"},"modified":"2023-01-17T14:33:15","modified_gmt":"2023-01-17T14:33:15","slug":"lugares-ligados-a-la-figura-del-papa","status":"publish","type":"page","link":"https:\/\/craneopapaluna.com\/?page_id=204","title":{"rendered":"Otros lugares"},"content":{"rendered":"<p>[et_pb_section fb_built=\u00bb1&#8243; admin_label=\u00bbPage Title Section\u00bb _builder_version=\u00bb4.19.4&#8243; use_background_color_gradient=\u00bbon\u00bb background_color_gradient_direction=\u00bb120deg\u00bb background_color_gradient_stops=\u00bb#022542 0%|rgba(0,0,0,0) 100%\u00bb background_color_gradient_overlays_image=\u00bbon\u00bb background_color_gradient_start=\u00bb#000000&#8243; background_color_gradient_end=\u00bbrgba(0,0,0,0)\u00bb background_image=\u00bbhttps:\/\/craneopapaluna.com\/wp-content\/uploads\/2022\/11\/Illueca-581T0644-Santiago-Cabello.jpeg\u00bb parallax=\u00bbon\u00bb custom_padding=\u00bb110px||110px|\u00bb global_colors_info=\u00bb{}\u00bb][et_pb_row column_structure=\u00bb2_3,1_3&#8243; admin_label=\u00bbPage Title Area\u00bb _builder_version=\u00bb4.16&#8243; background_size=\u00bbinitial\u00bb background_position=\u00bbtop_left\u00bb background_repeat=\u00bbrepeat\u00bb global_colors_info=\u00bb{}\u00bb][et_pb_column type=\u00bb2_3&#8243; _builder_version=\u00bb4.16&#8243; custom_padding=\u00bb|||\u00bb global_colors_info=\u00bb{}\u00bb custom_padding__hover=\u00bb|||\u00bb][et_pb_text admin_label=\u00bbTitle\u00bb _builder_version=\u00bb4.16&#8243; text_font=\u00bb||||||||\u00bb header_font=\u00bbPoppins|600|||||||\u00bb header_font_size=\u00bb60px\u00bb header_line_height=\u00bb1.2em\u00bb header_2_font=\u00bb||||||||\u00bb header_2_font_size=\u00bb60px\u00bb background_layout=\u00bbdark\u00bb custom_margin=\u00bb||20px|\u00bb custom_padding=\u00bb|||\u00bb animation_style=\u00bbfade\u00bb header_font_size_tablet=\u00bb\u00bb header_font_size_phone=\u00bb40px\u00bb header_font_size_last_edited=\u00bbon|phone\u00bb global_colors_info=\u00bb{}\u00bb]<\/p>\n<h1>Otros lugares<\/h1>\n<p>[\/et_pb_text][et_pb_text admin_label=\u00bbPage Subtitle\u00bb _builder_version=\u00bb4.19.4&#8243; text_font=\u00bbPoppins||||||||\u00bb text_font_size=\u00bb18px\u00bb text_line_height=\u00bb1.8em\u00bb header_font=\u00bb||||||||\u00bb background_layout=\u00bbdark\u00bb animation_style=\u00bbfade\u00bb global_colors_info=\u00bb{}\u00bb]<\/p>\n<p><span>La fecunda vida del papa Luna hace que sean numerosos los lugares que podemos visitar para conocer mejor su figura. Algunos de ellos est\u00e1n bien cerca de Sabi\u00f1\u00e1n, donde reposan sus restos.<\/span><\/p>\n<p>[\/et_pb_text][\/et_pb_column][et_pb_column type=\u00bb1_3&#8243; _builder_version=\u00bb4.16&#8243; custom_padding=\u00bb|||\u00bb global_colors_info=\u00bb{}\u00bb custom_padding__hover=\u00bb|||\u00bb][\/et_pb_column][\/et_pb_row][\/et_pb_section][et_pb_section fb_built=\u00bb1&#8243; admin_label=\u00bbDivider Section\u00bb _builder_version=\u00bb4.16&#8243; background_color=\u00bb#efe9e4&#8243; custom_padding=\u00bb0px||0px|\u00bb global_colors_info=\u00bb{}\u00bb][et_pb_row admin_label=\u00bbDivider Area\u00bb _builder_version=\u00bb4.16&#8243; custom_padding=\u00bb0px||0px|\u00bb global_colors_info=\u00bb{}\u00bb][et_pb_column type=\u00bb4_4&#8243; _builder_version=\u00bb4.16&#8243; custom_padding=\u00bb|||\u00bb global_colors_info=\u00bb{}\u00bb custom_padding__hover=\u00bb|||\u00bb][et_pb_divider color=\u00bbrgba(0,0,0,0.12)\u00bb divider_position=\u00bbcenter\u00bb _builder_version=\u00bb4.16&#8243; custom_margin=\u00bb|||\u00bb custom_padding=\u00bb|||\u00bb global_colors_info=\u00bb{}\u00bb][\/et_pb_divider][\/et_pb_column][\/et_pb_row][\/et_pb_section][et_pb_section fb_built=\u00bb1&#8243; admin_label=\u00bbClasses Section\u00bb _builder_version=\u00bb4.16&#8243; background_color=\u00bb#efe9e4&#8243; custom_padding=\u00bb80px||190px|\u00bb global_colors_info=\u00bb{}\u00bb][et_pb_row admin_label=\u00bbClass Area\u00bb _builder_version=\u00bb4.16&#8243; custom_padding=\u00bb60px|0px|60px|0px\u00bb locked=\u00bboff\u00bb global_colors_info=\u00bb{}\u00bb][et_pb_column type=\u00bb4_4&#8243; _builder_version=\u00bb4.16&#8243; custom_padding=\u00bb|||\u00bb global_colors_info=\u00bb{}\u00bb custom_padding__hover=\u00bb|||\u00bb][et_pb_text admin_label=\u00bbTitle\u00bb _builder_version=\u00bb4.16&#8243; text_font=\u00bb||||||||\u00bb header_font=\u00bb||||||||\u00bb header_2_font=\u00bbPoppins|600|||||||\u00bb header_2_text_align=\u00bbcenter\u00bb header_2_font_size=\u00bb36px\u00bb custom_margin=\u00bb||0px|\u00bb animation_style=\u00bbfade\u00bb global_colors_info=\u00bb{}\u00bb]<\/p>\n<h2>Los lugares del Papa Luna<\/h2>\n<p>[\/et_pb_text][et_pb_divider color=\u00bb#fdb467&#8243; divider_position=\u00bbcenter\u00bb divider_weight=\u00bb3px\u00bb _builder_version=\u00bb4.16&#8243; max_width=\u00bb50px\u00bb module_alignment=\u00bbcenter\u00bb animation_style=\u00bbslide\u00bb animation_direction=\u00bbtop\u00bb animation_intensity_slide=\u00bb10%\u00bb animation_starting_opacity=\u00bb100%\u00bb global_colors_info=\u00bb{}\u00bb][\/et_pb_divider][\/et_pb_column][\/et_pb_row][et_pb_row column_structure=\u00bb1_3,1_3,1_3&#8243; make_equal=\u00bbon\u00bb admin_label=\u00bbClasses Area\u00bb _builder_version=\u00bb4.19.4&#8243; max_width=\u00bb1440px\u00bb use_custom_width=\u00bbon\u00bb custom_width_px=\u00bb1440px\u00bb global_colors_info=\u00bb{}\u00bb][et_pb_column type=\u00bb1_3&#8243; _builder_version=\u00bb4.19.4&#8243; background_color=\u00bb#022542&#8243; custom_padding=\u00bb|||\u00bb global_colors_info=\u00bb{}\u00bb custom_padding__hover=\u00bb|||\u00bb][et_pb_image src=\u00bbhttps:\/\/craneopapaluna.com\/wp-content\/uploads\/2023\/01\/Escudo-Illueca_12042011-_MG_1084.jpg\u00bb title_text=\u00bbEscudo Illueca_12042011-_MG_1084&#8243; force_fullwidth=\u00bbon\u00bb align_tablet=\u00bbcenter\u00bb align_phone=\u00bbcenter\u00bb align_last_edited=\u00bbon|desktop\u00bb _builder_version=\u00bb4.19.4&#8243; custom_margin=\u00bb||0px|\u00bb global_colors_info=\u00bb{}\u00bb][\/et_pb_image][et_pb_text admin_label=\u00bbTitle\u00bb _builder_version=\u00bb4.19.4&#8243; text_font=\u00bbPoppins||||||||\u00bb text_text_color=\u00bbrgba(255,255,255,0.7)\u00bb text_font_size=\u00bb18px\u00bb text_line_height=\u00bb1.8em\u00bb link_font=\u00bb|600||on|||||\u00bb link_text_color=\u00bb#fdb467&#8243; link_font_size=\u00bb16px\u00bb link_letter_spacing=\u00bb3px\u00bb link_line_height=\u00bb1.8em\u00bb header_font=\u00bb||||||||\u00bb header_3_font=\u00bbPoppins|600|||||||\u00bb header_3_text_align=\u00bbcenter\u00bb header_3_font_size=\u00bb24px\u00bb header_3_line_height=\u00bb1.8em\u00bb background_color=\u00bb#022542&#8243; text_orientation=\u00bbcenter\u00bb background_layout=\u00bbdark\u00bb custom_margin=\u00bb|||\u00bb custom_padding=\u00bb40px|40px|40px|40px\u00bb animation_style=\u00bbfade\u00bb global_colors_info=\u00bb{}\u00bb]<\/p>\n<h3>Illueca, lugar de nacimiento<\/h3>\n<p><span>El castillo palacio de los Luna se alza sobre un espol\u00f3n rocoso que domina Illueca. Aqu\u00ed naci\u00f3 don Pedro Mart\u00ednez de Luna, el \u00fanico Papa aragon\u00e9s, que ejerci\u00f3 con el nombre de Benedicto XIII y fue conocido popularmente como el Papa Luna.\u00a0<\/span><\/p>\n<p><span>Entre las estancias de \u00e9poca de Benedicto XIII destacan la gran Sala Dorada, que era el sal\u00f3n de protocolo y debe su nombre al color dorado de su techumbre, y la Sala de la Alcoba, lugar de nacimiento del Papa Luna, ambas cubiertas con magn\u00edficos alfarjes de madera policromada, con las armas de Benedicto XIII y decoradas en su parte alta mediante un friso g\u00f3tico-mud\u00e9jar de yeso policromado. <\/span><\/p>\n<p><span><\/span><\/p>\n<p><a href=\"https:\/\/ayuntamientodeillueca.com\/turismo\/patrimonio\/\"><span style=\"color: rgba(224, 153, 0, 0.7);\">SABER M\u00c1S<\/span><\/a><\/p>\n<p>&nbsp;<\/p>\n<p>[\/et_pb_text][\/et_pb_column][et_pb_column type=\u00bb1_3&#8243; _builder_version=\u00bb4.19.4&#8243; background_color=\u00bb#022542&#8243; custom_padding=\u00bb|||\u00bb global_colors_info=\u00bb{}\u00bb custom_padding__hover=\u00bb|||\u00bb][et_pb_image src=\u00bbhttps:\/\/craneopapaluna.com\/wp-content\/uploads\/2023\/01\/20072011-_MG_2370-Editar.jpg\u00bb title_text=\u00bb20072011-_MG_2370-Editar\u00bb force_fullwidth=\u00bbon\u00bb align_tablet=\u00bbcenter\u00bb align_phone=\u00bbcenter\u00bb align_last_edited=\u00bbon|desktop\u00bb _builder_version=\u00bb4.19.4&#8243; custom_margin=\u00bb||0px|\u00bb locked=\u00bboff\u00bb global_colors_info=\u00bb{}\u00bb][\/et_pb_image][et_pb_text admin_label=\u00bbTitle\u00bb _builder_version=\u00bb4.19.4&#8243; text_font=\u00bbPoppins||||||||\u00bb text_text_color=\u00bbrgba(255,255,255,0.7)\u00bb text_font_size=\u00bb18px\u00bb text_line_height=\u00bb1.8em\u00bb link_font=\u00bb|600||on|||||\u00bb link_text_color=\u00bb#fdb467&#8243; link_font_size=\u00bb16px\u00bb link_letter_spacing=\u00bb3px\u00bb link_line_height=\u00bb1.8em\u00bb header_font=\u00bb||||||||\u00bb header_3_font=\u00bbPoppins|600|||||||\u00bb header_3_text_align=\u00bbcenter\u00bb header_3_font_size=\u00bb24px\u00bb header_3_line_height=\u00bb1.8em\u00bb background_color=\u00bb#022542&#8243; text_orientation=\u00bbcenter\u00bb background_layout=\u00bbdark\u00bb custom_margin=\u00bb|||\u00bb custom_padding=\u00bb40px|40px|40px|40px\u00bb animation_style=\u00bbfade\u00bb locked=\u00bboff\u00bb global_colors_info=\u00bb{}\u00bb]<\/p>\n<h3>Pe\u00f1\u00edscola, donde falleci\u00f3<\/h3>\n<p>El Castillo Palacio de <span>\u00a0Pe\u00f1\u00edscola se conoce tambi\u00e9n como\u00a0<\/span>Castillo del Papa Luna<span>, dado que fue all\u00ed donde Benedicto XIII se refugi\u00f3 hasta su fallecimiento. Est\u00e1 emplazado en la zona m\u00e1s elevada del pe\u00f1\u00f3n que domina la ciudad, a una altura de 64 metros sobre el nivel del mar.<\/span><\/p>\n<p>La visita a este importante enclave permite conocer los \u00faltimos a\u00f1os de vida del Papa que convirti\u00f3 este basti\u00f3n en su sede pontificia hasta su muerte.\u00a0<span><\/span>Destaca en el edificio su sobriedad y belleza, a la par que su solidez. A\u00fan conserva vestigios de su utilizaci\u00f3n como <span>la Bas\u00edlica papal, de planta rectangular con b\u00f3veda de ca\u00f1\u00f3n algo apuntada y casquete esf\u00e9rico sobre el \u00e1bside; el sal\u00f3n del trono ; el sal\u00f3n del c\u00f3nclave; el estudio con ventanas al mar; o las habitaciones pontificias.<\/span><\/p>\n<p><span class=\"Apple-converted-space\"><a href=\"https:\/\/castillodepeniscola.dipcas.es\/es\/\"><span style=\"color: rgba(224, 153, 0, 0.7);\">SABER M\u00c1S<\/span><\/a><\/span><\/p>\n<p>[\/et_pb_text][\/et_pb_column][et_pb_column type=\u00bb1_3&#8243; _builder_version=\u00bb4.19.4&#8243; background_color=\u00bb#022542&#8243; custom_padding=\u00bb|||\u00bb global_colors_info=\u00bb{}\u00bb custom_padding__hover=\u00bb|||\u00bb][et_pb_image src=\u00bbhttps:\/\/craneopapaluna.com\/wp-content\/uploads\/2023\/01\/2020-12-29-0006-topaz-denoise-faceai-sharpen.jpg\u00bb title_text=\u00bb2020-12-29-0006-topaz-denoise-faceai-sharpen\u00bb force_fullwidth=\u00bbon\u00bb align_tablet=\u00bbcenter\u00bb align_phone=\u00bbcenter\u00bb align_last_edited=\u00bbon|desktop\u00bb _builder_version=\u00bb4.19.4&#8243; custom_margin=\u00bb||0px|\u00bb locked=\u00bboff\u00bb global_colors_info=\u00bb{}\u00bb][\/et_pb_image][et_pb_text admin_label=\u00bbTitle\u00bb _builder_version=\u00bb4.19.4&#8243; text_font=\u00bbPoppins||||||||\u00bb text_text_color=\u00bbrgba(255,255,255,0.7)\u00bb text_font_size=\u00bb18px\u00bb text_line_height=\u00bb1.8em\u00bb link_font=\u00bb|600||on|||||\u00bb link_text_color=\u00bb#fdb467&#8243; link_font_size=\u00bb16px\u00bb link_letter_spacing=\u00bb3px\u00bb link_line_height=\u00bb1.8em\u00bb header_font=\u00bb||||||||\u00bb header_3_font=\u00bbPoppins|600|||||||\u00bb header_3_text_align=\u00bbcenter\u00bb header_3_font_size=\u00bb24px\u00bb header_3_line_height=\u00bb1.8em\u00bb background_color=\u00bb#022542&#8243; text_orientation=\u00bbcenter\u00bb background_layout=\u00bbdark\u00bb custom_margin=\u00bb|||\u00bb custom_padding=\u00bb40px|40px|40px|40px\u00bb animation_style=\u00bbfade\u00bb locked=\u00bboff\u00bb global_colors_info=\u00bb{}\u00bb]<\/p>\n<h3>La Seo de Zaragoza<\/h3>\n<p><span>La historia de la catedral de la Seo de San Salvador de Zaragoza es un resumen de la propia historia de la ciudad. La catedral se asienta sobre el foro romano y la mezquita y los siglos han dejado capas y capas de historia sobre su arquitectura.<\/span><\/p>\n<p>De todo el templo destaca la parte mud\u00e9jar, de la que fue responsable el Papa Luna, que dej\u00f3 su huella por doquier: en el \u00e1bside mud\u00e9jar que se eleva sobre el primitivo rom\u00e1nico; el el cimborrio; en el muro de la parroquieta en el que campea su escudo papal; y hasta en el busto relicario de San Valero, que ocupa un lugar central del altar Mayor y que reproduce los rasgos del rostro de Benedicto XIII milim\u00e9tricamente, con una \u00fanica excepci\u00f3n: su nariz, que ha sido convenientemente reducida.<\/p>\n<p><span><\/span><\/p>\n<p><span class=\"Apple-converted-space\"><a href=\"https:\/\/catedraldezaragoza.es\/la-seo-catedral-del-salvador\/\"><span style=\"color: rgba(224, 153, 0, 0.7);\">SABER M\u00c1S<\/span><\/a><\/span><span><\/span><\/p>\n<p><span><\/span><\/p>\n<p>[\/et_pb_text][\/et_pb_column][\/et_pb_row][et_pb_row column_structure=\u00bb1_3,1_3,1_3&#8243; make_equal=\u00bbon\u00bb admin_label=\u00bbClasses Area\u00bb _builder_version=\u00bb4.19.4&#8243; max_width=\u00bb1440px\u00bb use_custom_width=\u00bbon\u00bb custom_width_px=\u00bb1440px\u00bb global_colors_info=\u00bb{}\u00bb][et_pb_column type=\u00bb1_3&#8243; _builder_version=\u00bb4.19.4&#8243; background_color=\u00bb#022542&#8243; custom_padding=\u00bb|||\u00bb global_colors_info=\u00bb{}\u00bb custom_padding__hover=\u00bb|||\u00bb][et_pb_image src=\u00bbhttps:\/\/craneopapaluna.com\/wp-content\/uploads\/2023\/01\/Calatayud_MuseoSMaria_DSC_5761-topaz-denoise-sharpen.jpg\u00bb title_text=\u00bbCalatayud_MuseoSMaria_DSC_5761-topaz-denoise-sharpen\u00bb force_fullwidth=\u00bbon\u00bb align_tablet=\u00bbcenter\u00bb align_phone=\u00bbcenter\u00bb align_last_edited=\u00bbon|desktop\u00bb _builder_version=\u00bb4.19.4&#8243; custom_margin=\u00bb||0px|\u00bb global_colors_info=\u00bb{}\u00bb][\/et_pb_image][et_pb_text admin_label=\u00bbTitle\u00bb _builder_version=\u00bb4.19.4&#8243; text_font=\u00bbPoppins||||||||\u00bb text_text_color=\u00bbrgba(255,255,255,0.7)\u00bb text_font_size=\u00bb18px\u00bb text_line_height=\u00bb1.8em\u00bb link_font=\u00bb|600||on|||||\u00bb link_text_color=\u00bb#fdb467&#8243; link_font_size=\u00bb16px\u00bb link_letter_spacing=\u00bb3px\u00bb link_line_height=\u00bb1.8em\u00bb header_font=\u00bb||||||||\u00bb header_3_font=\u00bbPoppins|600|||||||\u00bb header_3_text_align=\u00bbcenter\u00bb header_3_font_size=\u00bb24px\u00bb header_3_line_height=\u00bb1.8em\u00bb background_color=\u00bb#022542&#8243; text_orientation=\u00bbcenter\u00bb background_layout=\u00bbdark\u00bb custom_margin=\u00bb|||\u00bb custom_padding=\u00bb40px|40px|40px|40px\u00bb animation_style=\u00bbfade\u00bb global_colors_info=\u00bb{}\u00bb]<\/p>\n<h3>Calatayud y su huella<\/h3>\n<p>Calatayud cuenta con un rico y singular patrimonio hist\u00f3rico art\u00edstico parte del cual est\u00e1 relacionado con la figura de Benedicto XIII. El claustro de la Colegiata de Santa Mar\u00eda, uno de los seis monumentos que ejemplifican el arte mud\u00e9jar aragon\u00e9s como Patrimonio de la Humanidad cuenta con huellas de su patrocinio, como la\u00a0\u201cB\u201d de Benedicto que adorna una de las claves del claustro. El Papa, a trav\u00e9s de sus alarifes de confianza, dej\u00f3 huella en otros monumentos mud\u00e9jares de la ciudad, en la que actu\u00f3 como mecenas.<\/p>\n<p>&nbsp;<\/p>\n<p><a href=\"https:\/\/comarcacalatayud.com\/project\/calatayud\/\"><span style=\"color: rgba(224, 153, 0, 0.7);\">SABER M\u00c1S<\/span><\/a><\/p>\n<p>[\/et_pb_text][\/et_pb_column][et_pb_column type=\u00bb1_3&#8243; _builder_version=\u00bb4.19.4&#8243; background_color=\u00bb#022542&#8243; custom_padding=\u00bb|||\u00bb global_colors_info=\u00bb{}\u00bb custom_padding__hover=\u00bb|||\u00bb][et_pb_image src=\u00bbhttps:\/\/craneopapaluna.com\/wp-content\/uploads\/2023\/01\/Tobed_INT0300-Editar-topaz-denoise-enhance-sharpen.jpg\u00bb title_text=\u00bbTobed_INT0300-Editar-topaz-denoise-enhance-sharpen\u00bb force_fullwidth=\u00bbon\u00bb align_tablet=\u00bbcenter\u00bb align_phone=\u00bbcenter\u00bb align_last_edited=\u00bbon|desktop\u00bb _builder_version=\u00bb4.19.4&#8243; custom_margin=\u00bb||0px|\u00bb locked=\u00bboff\u00bb global_colors_info=\u00bb{}\u00bb][\/et_pb_image][et_pb_text admin_label=\u00bbTitle\u00bb _builder_version=\u00bb4.19.4&#8243; text_font=\u00bbPoppins||||||||\u00bb text_text_color=\u00bbrgba(255,255,255,0.7)\u00bb text_font_size=\u00bb18px\u00bb text_line_height=\u00bb1.8em\u00bb link_font=\u00bb|600||on|||||\u00bb link_text_color=\u00bb#fdb467&#8243; link_font_size=\u00bb16px\u00bb link_letter_spacing=\u00bb3px\u00bb link_line_height=\u00bb1.8em\u00bb header_font=\u00bb||||||||\u00bb header_3_font=\u00bbPoppins|600|||||||\u00bb header_3_text_align=\u00bbcenter\u00bb header_3_font_size=\u00bb24px\u00bb header_3_line_height=\u00bb1.8em\u00bb background_color=\u00bb#022542&#8243; text_orientation=\u00bbcenter\u00bb background_layout=\u00bbdark\u00bb custom_margin=\u00bb|||\u00bb custom_padding=\u00bb40px|40px|40px|40px\u00bb animation_style=\u00bbfade\u00bb locked=\u00bboff\u00bb global_colors_info=\u00bb{}\u00bb]<\/p>\n<h3>Santa Mar\u00eda de Tobed<\/h3>\n<p><span>Tobed es una joya medio escondida entre las sierras de Algair\u00e9n y Vicor, a orillas del r\u00edo Gr\u00edo. Debi\u00f3 de tener importancia en \u00e9poca isl\u00e1mica; y cuenta la tradici\u00f3n que la existencia de un templo dedicado a la Virgen en este lugar se remonta a\u00fan m\u00e1s atr\u00e1s, al tiempo de los godos. El culto se habr\u00eda mantenido bajo el dominio del Islam por la minor\u00eda moz\u00e1rabe.<\/span><span class=\"Apple-converted-space\">\u00a0<\/span><\/p>\n<p>El templo se renovar\u00eda a lo largo de la \u00e9poca convulsa entre mediados del siglo XIV y el XV con el mecenazgo entre otros del Papa Luna. En este magn\u00edfico templo mud\u00e9jar pueden verse los emblemas pontificios en una clave de la b\u00f3veda.<span class=\"Apple-converted-space\"><\/span><\/p>\n<p><a href=\"https:\/\/tobedpatrimoniomundial.es\"><span style=\"color: rgba(224, 153, 0, 0.7);\">SABER M\u00c1S<\/span><\/a><\/p>\n<p>&nbsp;<\/p>\n<p>[\/et_pb_text][\/et_pb_column][et_pb_column type=\u00bb1_3&#8243; _builder_version=\u00bb4.19.4&#8243; background_color=\u00bb#022542&#8243; custom_padding=\u00bb|||\u00bb global_colors_info=\u00bb{}\u00bb custom_padding__hover=\u00bb|||\u00bb][et_pb_image src=\u00bbhttps:\/\/craneopapaluna.com\/wp-content\/uploads\/2023\/01\/MG_8286_\u00a9-Santiago-Cabello-archivo-Tintaura-S.L..jpg\u00bb title_text=\u00bb_MG_8286_\u00a9 Santiago Cabello (archivo Tintaura S.L.)\u00bb force_fullwidth=\u00bbon\u00bb align_tablet=\u00bbcenter\u00bb align_phone=\u00bbcenter\u00bb align_last_edited=\u00bbon|desktop\u00bb _builder_version=\u00bb4.19.4&#8243; custom_margin=\u00bb||0px|\u00bb locked=\u00bboff\u00bb global_colors_info=\u00bb{}\u00bb][\/et_pb_image][et_pb_text admin_label=\u00bbTitle\u00bb _builder_version=\u00bb4.19.4&#8243; text_font=\u00bbPoppins||||||||\u00bb text_text_color=\u00bbrgba(255,255,255,0.7)\u00bb text_font_size=\u00bb18px\u00bb text_line_height=\u00bb1.8em\u00bb link_font=\u00bb|600||on|||||\u00bb link_text_color=\u00bb#fdb467&#8243; link_font_size=\u00bb16px\u00bb link_letter_spacing=\u00bb3px\u00bb link_line_height=\u00bb1.8em\u00bb header_font=\u00bb||||||||\u00bb header_3_font=\u00bbPoppins|600|||||||\u00bb header_3_text_align=\u00bbcenter\u00bb header_3_font_size=\u00bb24px\u00bb header_3_line_height=\u00bb1.8em\u00bb background_color=\u00bb#022542&#8243; text_orientation=\u00bbcenter\u00bb background_layout=\u00bbdark\u00bb custom_margin=\u00bb|||\u00bb custom_padding=\u00bb40px|40px|40px|40px\u00bb animation_style=\u00bbfade\u00bb locked=\u00bboff\u00bb global_colors_info=\u00bb{}\u00bb]<\/p>\n<h3>Alma Mater Museum<\/h3>\n<p>El antiguo Museo Diocesano de Zaragoza se reinvent\u00f3 como Alma Mater Museum ofertando desde entonces la oportunidad de conocer una magn\u00edfica colecci\u00f3n de arte sacro en un edificio que ha perdurado en la vida de la Zaragoza desde hace 2000 a\u00f1os.<\/p>\n<p>En su interior hay alguna pieza muy relacionada con el Papa Luna, como el retrato que ilustra esta entrada. Se trata de \u201c<em>Benedicto XIII entre dos cardenales de la obediencia de Avignon, a modo de San Pedro\u00bb<\/em>, del siglo XV, procedente de la iglesia de Paniza.<\/p>\n<p>&nbsp;<\/p>\n<p><a href=\"http:\/\/www.almamatermuseum.com\"><span style=\"color: rgba(224, 153, 0, 0.7);\">SABER M\u00c1S<\/span><\/a><\/p>\n<p>[\/et_pb_text][\/et_pb_column][\/et_pb_row][\/et_pb_section]<\/p>\n","protected":false},"excerpt":{"rendered":"<p>Otros lugaresLa fecunda vida del papa Luna hace que sean numerosos los lugares que podemos visitar para conocer mejor su figura. Algunos de ellos est\u00e1n bien cerca de Sabi\u00f1\u00e1n, donde reposan sus restos.Los lugares del Papa LunaIllueca, lugar de nacimiento El castillo palacio de los Luna se alza sobre un espol\u00f3n rocoso que domina Illueca. [&hellip;]<\/p>\n","protected":false},"author":1,"featured_media":0,"parent":0,"menu_order":0,"comment_status":"closed","ping_status":"closed","template":"","meta":{"_et_pb_use_builder":"on","_et_pb_old_content":"","_et_gb_content_width":"","footnotes":""},"class_list":["post-204","page","type-page","status-publish","hentry"],"_links":{"self":[{"href":"https:\/\/craneopapaluna.com\/index.php?rest_route=\/wp\/v2\/pages\/204","targetHints":{"allow":["GET"]}}],"collection":[{"href":"https:\/\/craneopapaluna.com\/index.php?rest_route=\/wp\/v2\/pages"}],"about":[{"href":"https:\/\/craneopapaluna.com\/index.php?rest_route=\/wp\/v2\/types\/page"}],"author":[{"embeddable":true,"href":"https:\/\/craneopapaluna.com\/index.php?rest_route=\/wp\/v2\/users\/1"}],"replies":[{"embeddable":true,"href":"https:\/\/craneopapaluna.com\/index.php?rest_route=%2Fwp%2Fv2%2Fcomments&post=204"}],"version-history":[{"count":9,"href":"https:\/\/craneopapaluna.com\/index.php?rest_route=\/wp\/v2\/pages\/204\/revisions"}],"predecessor-version":[{"id":232,"href":"https:\/\/craneopapaluna.com\/index.php?rest_route=\/wp\/v2\/pages\/204\/revisions\/232"}],"wp:attachment":[{"href":"https:\/\/craneopapaluna.com\/index.php?rest_route=%2Fwp%2Fv2%2Fmedia&parent=204"}],"curies":[{"name":"wp","href":"https:\/\/api.w.org\/{rel}","templated":true}]}}